{"id":332,"date":"2023-09-05T14:48:09","date_gmt":"2023-09-05T14:48:09","guid":{"rendered":"https:\/\/informationsundmedienkompetenz.de\/?page_id=332"},"modified":"2023-12-19T18:18:00","modified_gmt":"2023-12-19T18:18:00","slug":"willkommen-zur-informations-und-medienkompetenz","status":"publish","type":"page","link":"https:\/\/informationsundmedienkompetenz.de\/","title":{"rendered":"Willkommen zur Informations- und Medienkompetenz"},"content":{"rendered":"\n<p>Diese Website soll dazu dienen, das kritische Denken beonders im Umgang mit Texten und Medien allgemein zu schulen. Den Kernbestandteil dieser Seite bilden deshalb eigens dazu hergestellt Lehrmaterialien zu verschiedenen Themen aus dem Bereich Information- und Medienkompetenz. Unter Informationskompetenz ist hier der kritische und souver\u00e4ne Umgang mit zur Verf\u00fcgung stehenden Informationen gemeint (nicht die Recherche von Informationen).<\/p>\n\n\n\n<p>Die Lehrmaterialien bestehen aus Lehrvideos, die sich mit verschiedenen Aspekten kritischen Denkens besch\u00e4ftigen und sie anhand zahlreicher Beispiele erl\u00e4utern. Zudem werden zu den Videos die Pr\u00e4sentationsfolien bereit gestellt, sowie das entsprechende manuskript als auch das Video als Audio-Datei, damit es auch als Podcast geh\u00f6rt werden kann. Abgerundet werden die Videos durch Aufgabenbl\u00e4tter samt L\u00f6sungen, damit das Gelernte auch selbst angewandt und \u00fcberpr\u00fcft werden kann. Die Materialien sind zum selbst lernen konzipiert und entsprechend am inversed classrom-Modell orientiert.<\/p>\n\n\n\n<p>Falls Lehrer und Dozenten eigenes Lehrmaterial zur Verf\u00fcgung stellen wollen oder eigene Aufgabenbl\u00e4tter, die sich mit den hier behandelten Themen auseinandersetzen, k\u00f6nnen gerne unter folgende Emailadresse Materialien eingeschickt oder Vorschl\u00e4ge f\u00fcr weitere Links gemacht werden: patrick@informationsundmedienkompetenz.de<\/p>\n\n\n\n<p>Erg\u00e4nzt werden die Lehrmaterialien durch Links zu anderen Beitr\u00e4gen in Text- oder Videoform, die unterschiedliche Aspekte der angesprochenen Themen noch einmal aufgreifen. Zudem werden auch Websites und B\u00fccher vorgestellt, die sich an ein breites Publikum wenden, damit jeder nach seinen eigenen Interessen entsprechende Themen vertiefen kann.<\/p>\n","protected":false},"excerpt":{"rendered":"<p>Diese Website soll dazu dienen, das kritische Denken beonders im Umgang mit Texten und Medien allgemein zu schulen. Den Kernbestandteil dieser Seite bilden deshalb eigens dazu hergestellt Lehrmaterialien zu verschiedenen Themen aus dem Bereich Information- und Medienkompetenz. Unter Informationskompetenz ist &hellip; <a href=\"https:\/\/informationsundmedienkompetenz.de\/\">Weiterlesen <span class=\"meta-nav\">&rarr;<\/span><\/a><\/p>\n","protected":false},"author":1,"featured_media":0,"parent":0,"menu_order":0,"comment_status":"closed","ping_status":"closed","template":"","meta":{"footnotes":""},"class_list":["post-332","page","type-page","status-publish","hentry"],"_links":{"self":[{"href":"https:\/\/informationsundmedienkompetenz.de\/index.php\/wp-json\/wp\/v2\/pages\/332","targetHints":{"allow":["GET"]}}],"collection":[{"href":"https:\/\/informationsundmedienkompetenz.de\/index.php\/wp-json\/wp\/v2\/pages"}],"about":[{"href":"https:\/\/informationsundmedienkompetenz.de\/index.php\/wp-json\/wp\/v2\/types\/page"}],"author":[{"embeddable":true,"href":"https:\/\/informationsundmedienkompetenz.de\/index.php\/wp-json\/wp\/v2\/users\/1"}],"replies":[{"embeddable":true,"href":"https:\/\/informationsundmedienkompetenz.de\/index.php\/wp-json\/wp\/v2\/comments?post=332"}],"version-history":[{"count":3,"href":"https:\/\/informationsundmedienkompetenz.de\/index.php\/wp-json\/wp\/v2\/pages\/332\/revisions"}],"predecessor-version":[{"id":382,"href":"https:\/\/informationsundmedienkompetenz.de\/index.php\/wp-json\/wp\/v2\/pages\/332\/revisions\/382"}],"wp:attachment":[{"href":"https:\/\/informationsundmedienkompetenz.de\/index.php\/wp-json\/wp\/v2\/media?parent=332"}],"curies":[{"name":"wp","href":"https:\/\/api.w.org\/{rel}","templated":true}]}}